{"id":4009,"date":"2020-05-14T09:49:14","date_gmt":"2020-05-14T09:49:14","guid":{"rendered":"http:\/\/lkformacion.com\/?page_id=4009"},"modified":"2020-05-14T09:49:14","modified_gmt":"2020-05-14T09:49:14","slug":"privacy-notice","status":"publish","type":"page","link":"https:\/\/lkformacion.com\/en\/privacy-notice\/","title":{"rendered":"Privacy notice"},"content":{"rendered":"<h3>\u201cOur apologies for not having the translation ready yet. The texts are being translated and will be published here as soon as possible.\u201d<\/h3>\n<h3>INFORMACI\u00d3N ADICIONAL SOBRE NUESTRA POL\u00cdTICA DE PROTECCI\u00d3N DE DATOS<\/h3>\n<p>Cuestiones comunes para todas las actividades de tratamiento: <strong>\u00bfQui\u00e9n se responsabiliza del tratamiento de tus datos?<\/strong><\/p>\n<ul>\n<li><strong>Responsable<\/strong> <strong>de<\/strong> <strong>los<\/strong><strong> datos\u00a0<\/strong>LK FORMACION, S.L.<\/li>\n<li><strong>N\u00famero<\/strong> <strong>de<\/strong> <strong>documento<\/strong>\u00a0B87802831<\/li>\n<li><strong>Direcci\u00f3n<\/strong> <strong>fiscal\u00a0<\/strong>Calle DIEGO DE LEON, 47, 2-I, CP 28006 Madrid<\/li>\n<li><strong>Tel\u00e9fono<\/strong>\u00a0 \u00a0600571141<\/li>\n<li><strong>Correo<\/strong> <strong>electr\u00f3nico\u00a0<\/strong>\u00a0dlasheras@lkformacion.com<\/li>\n<\/ul>\n<h4>\u00bfCu\u00e1les son tus derechos cuando nos facilitas tus datos?<\/h4>\n<p>Cualquier persona tiene derecho a obtener confirmaci\u00f3n sobre si estamos tratando datos personales que les conciernen o no. En este sentido, tienes derecho a solicitar:<\/p>\n<p><strong>Acceso:<\/strong> La persona que nos facilita sus datos tendr\u00e1 derecho a obtener del responsable del tratamiento confirmaci\u00f3n de si se est\u00e1n tratando o no los datos que le concierne, as\u00ed como informaci\u00f3n detallada acerca de determinados aspectos del tratamiento que se est\u00e9 llevando a cabo.<\/p>\n<p><strong>Rectificaci\u00f3n:<\/strong> La persona que nos facilita sus datos tendr\u00e1 derecho a obtener la rectificaci\u00f3n de los datos personales inexactos que le conciernen o a que se completen aquellos que fueran incompletos.<\/p>\n<p><strong>Supresi\u00f3n:<\/strong> La persona que nos facilita sus datos tendr\u00e1 derecho a solicitar la supresi\u00f3n de sus datos personales; en todo caso la supresi\u00f3n estar\u00e1 sujeta a los l\u00edmites establecidos en la norma reguladora.<\/p>\n<p><strong>Limitaci\u00f3n<\/strong> <strong>de<\/strong> <strong>su<\/strong> <strong>tratamiento:<\/strong> La persona que nos facilita sus datos tendr\u00e1 derecho a solicitar la limitaci\u00f3n del tratamiento de sus datos de car\u00e1cter personal.<\/p>\n<p><strong>Oposici\u00f3n<\/strong> <strong>al<\/strong> <strong>tratamiento:<\/strong> En determinadas circunstancias, y por motivos relacionados con su situaci\u00f3n particular, las personas que nos facilitan sus datos podr\u00e1n oponerse al tratamiento de los mismos. La entidad dejar\u00e1 de tratarlos, salvo por motivos leg\u00edtimos, imperiosos, o el ejercicio o la defensa de posibles reclamaciones.<\/p>\n<p><strong>Derecho<\/strong> <strong>a<\/strong> <strong>la<\/strong> <strong>portabilidad<\/strong> <strong>de<\/strong> <strong>sus<\/strong> <strong>datos:<\/strong> La persona que nos facilita sus datos tendr\u00e1 derecho a recibir los datos personales que le incumban, aquellos que haya facilitado a la persona responsable del tratamiento, en un formato estructurado, de uso com\u00fan y de lectura mec\u00e1nica, as\u00ed como a transmitirlos a cualquiera otra persona que pueda ser responsable del tratamiento.<\/p>\n<p>Puede ejercer los referidos derechos dirigi\u00e9ndose a la persona responsable. Para ello, puede utilizar los datos de contacto facilitados al inicio del presente documento. Si desea obtener informaci\u00f3n adicional respecto al ejercicio de sus derechos, tambi\u00e9n puede dirigirse a la Agencia Espa\u00f1ola de Protecci\u00f3n de Datos (AEPD). Asimismo, le informamos que, y si lo cree oportuno, tiene el derecho a retirar en cualquier momento el consentimiento otorgado para alguna finalidad espec\u00edfica, sin que ello afecte a la licitud del tratamiento, basado en el consentimiento previo a su retirada.<\/p>\n<p>En el caso de que entienda que no se han atendido adecuadamente sus derechos, puede presentar una reclamaci\u00f3n ante la Agencia Espa\u00f1ola de Protecci\u00f3n de Datos (C\/ J orge J uan, 6 &#8211; 28001 Madrid o en www.agpd.es).<\/p>\n<p>Cuestiones espec\u00edficas para cada actividad de tratamiento:<\/p>\n<h4>TRATAMIENTO DE BRECHAS DE SEGURIDAD<\/h4>\n<p><strong>\u00bfCon<\/strong> <strong>qu\u00e9<\/strong> <strong>finalidad<\/strong> <strong>tratamos<\/strong> <strong>tus<\/strong> <strong>datos<\/strong> <strong>personales?<\/strong> La gesti\u00f3n y notificaci\u00f3n de brechas de seguridad<\/p>\n<p><strong>\u00bfDurante<\/strong> <strong>cu\u00e1nto<\/strong> <strong>tiempo<\/strong> <strong>trataremos<\/strong> <strong>sus<\/strong> <strong>datos?<\/strong><\/p>\n<p>Se conservar\u00e1n durante el tiempo necesario para cumplir con la finalidad para la que se recabaron y para determinar las posibles responsabilidades que se pudieran derivar de dicha finalidad y del tratamiento de los datos. Una vez pasado dicho tiempo ser\u00e1n cancelados \/ suprimidos de oficio.<\/p>\n<p><strong>\u00bfPor<\/strong> <strong>qu\u00e9<\/strong> <strong>tratamos<\/strong> <strong>tus<\/strong> <strong>datos?<\/strong> Obligaci\u00f3n legal del responsable.<\/p>\n<p><strong>\u00bfA<\/strong> <strong>qu\u00e9<\/strong> <strong>personas<\/strong> <strong>se<\/strong> <strong>comunicar\u00e1n<\/strong> <strong>tus<\/strong> <strong>datos?<\/strong><\/p>\n<p>Administraci\u00f3n tributaria, Otros \u00f3rganos de la administraci\u00f3n p\u00fablica.<\/p>\n<h4>TRATAMIENTO DE CONTACTOS<\/h4>\n<p><strong>\u00bfCon<\/strong> <strong>qu\u00e9<\/strong> <strong>finalidad<\/strong> <strong>tratamos<\/strong> <strong>tus<\/strong> <strong>datos<\/strong> <strong>personales?<\/strong><\/p>\n<p>Gestionar y dar respuesta a solicitudes de informaci\u00f3n y presupuesto, as\u00ed como mantener contacto con fines profesionales o empresariales con las personas f\u00edsicas, incluidas las que representan a personas jur\u00eddicas, con las que la entidad mantiene relaci\u00f3n.<\/p>\n<p><strong>\u00bfDurante<\/strong> <strong>cu\u00e1nto<\/strong> <strong>tiempo<\/strong> <strong>trataremos<\/strong> <strong>sus<\/strong> <strong>datos?<\/strong><\/p>\n<p>Se conservar\u00e1n durante el tiempo necesario para cumplir con la finalidad para la que se recabaron y para determinar las posibles responsabilidades que se pudieran derivar de dicha finalidad y del tratamiento de los datos. Una vez pasado dicho tiempo ser\u00e1n cancelados \/ suprimidos de oficio.<\/p>\n<p><strong>\u00bfPor<\/strong> <strong>qu\u00e9<\/strong> <strong>tratamos<\/strong> <strong>tus<\/strong> <strong>datos?<\/strong> Inter\u00e9s leg\u00edtimo del responsable.<\/p>\n<p><strong>\u00bfA<\/strong> <strong>qu\u00e9<\/strong> <strong>personas<\/strong> <strong>se<\/strong> <strong>comunicar\u00e1n<\/strong> <strong>tus<\/strong> <strong>datos?<\/strong><\/p>\n<p>No se ceden datos a terceros, salvo obligaciones legales.<\/p>\n<h4>TRATAMIENTO DE EJERCICIO DE LOS DERECHOS<\/h4>\n<p><strong>\u00bfCon<\/strong> <strong>qu\u00e9<\/strong><strong> finalidad <\/strong><strong>tratamos<\/strong> <strong>tus<\/strong> <strong>datos<\/strong><strong> personales?<\/strong><\/p>\n<p>Gesti\u00f3n del ejercicio de los derechos contemplados en la legislaci\u00f3n de protecci\u00f3n de datos y de las hojas de reclamaciones<\/p>\n<p><strong>\u00bfDurante<\/strong> <strong>cu\u00e1nto<\/strong> <strong>tiempo<\/strong> <strong>trataremos<\/strong> <strong>sus<\/strong> <strong>datos?<\/strong><\/p>\n<p>Se conservar\u00e1n durante el tiempo necesario para resolver las reclamaciones.<\/p>\n<p><strong>\u00bfPor<\/strong> <strong>qu\u00e9<\/strong> <strong>tratamos<\/strong> <strong>tus<\/strong> <strong>datos?<\/strong> Obligaci\u00f3n legal del responsable.<\/p>\n<p><strong>\u00bfA<\/strong> <strong>qu\u00e9<\/strong> <strong>personas<\/strong> <strong>se<\/strong> <strong>comunicar\u00e1n<\/strong> <strong>tus<\/strong> <strong>datos?<\/strong> Otros \u00f3rganos de la administraci\u00f3n p\u00fablica.<\/p>\n<h4>TRATAMIENTO DE PROVEEDORES<\/h4>\n<p><strong>\u00bfCon<\/strong> <strong>qu\u00e9<\/strong> <strong>finalidad<\/strong> <strong>tratamos<\/strong> <strong>tus<\/strong> <strong>datos<\/strong> <strong>personales?<\/strong> Gesti\u00f3n de la relaci\u00f3n comercial con proveedores.<\/p>\n<p><strong>\u00bfDurante<\/strong> <strong>cu\u00e1nto<\/strong> <strong>tiempo<\/strong> <strong>trataremos<\/strong> <strong>sus<\/strong> <strong>datos?<\/strong><\/p>\n<p>Se conservar\u00e1n durante el tiempo necesario para cumplir con la finalidad para la que se recabaron y para determinar las posibles responsabilidades que se pudieran derivar de dicha finalidad y del tratamiento de los datos. Una vez pasado dicho tiempo ser\u00e1n cancelados \/ suprimidos de oficio.<\/p>\n<p><strong>\u00bfPor<\/strong> <strong>qu\u00e9<\/strong> <strong>tratamos<\/strong> <strong>tus<\/strong> <strong>datos?<\/strong><\/p>\n<p>Relaci\u00f3n contractual para la ejecuci\u00f3n de un contrato.<\/p>\n<p><strong>\u00bfA<\/strong> <strong>qu\u00e9<\/strong> <strong>personas<\/strong> <strong>se<\/strong> <strong>comunicar\u00e1n<\/strong> <strong>tus<\/strong> <strong>datos?<\/strong><\/p>\n<p>Bancos, cajas de ahorro y cajas rurales, Administraci\u00f3n tributaria.<\/p>\n<h4>TRATAMIENTO DE SELECCI\u00d3N DE PERSONAL<\/h4>\n<p><strong>\u00a0<\/strong><strong>\u00bfCon<\/strong> <strong>qu\u00e9<\/strong><strong> finalidad <\/strong><strong>tratamos<\/strong> <strong>tus<\/strong> <strong>datos<\/strong><strong> personales?<\/strong><\/p>\n<p>Gesti\u00f3n de la relaci\u00f3n con los candidatos a un empleo en la entidad<\/p>\n<p><strong>\u00bfDurante<\/strong> <strong>cu\u00e1nto<\/strong> <strong>tiempo<\/strong> <strong>trataremos<\/strong> <strong>sus<\/strong> <strong>datos?<\/strong><\/p>\n<p>Se conservar\u00e1n durante el tiempo necesario para cumplir con la finalidad para la que se recabaron y para determinar las posibles responsabilidades que se pudieran derivar de dicha finalidad y del tratamiento de los datos. Una vez pasado dicho tiempo ser\u00e1n cancelados \/ suprimidos de oficio.<\/p>\n<p><strong>\u00bfPor<\/strong> <strong>qu\u00e9<\/strong> <strong>tratamos<\/strong> <strong>tus<\/strong> <strong>datos?<\/strong> Consentimiento del interesado.<\/p>\n<p><strong>\u00bfA<\/strong> <strong>qu\u00e9<\/strong> <strong>personas<\/strong> <strong>se<\/strong> <strong>comunicar\u00e1n<\/strong> <strong>tus<\/strong> <strong>datos?<\/strong><\/p>\n<p>No se ceden datos a terceros, salvo obligaciones legales.<\/p>\n<h4>TRATAMIENTO DE PRESTACI\u00d3N DEL SERVICIO<\/h4>\n<p><strong>\u00bfCon<\/strong> <strong>qu\u00e9<\/strong><strong> finalidad <\/strong><strong>tratamos<\/strong> <strong>tus<\/strong> <strong>datos<\/strong><strong> personales?<\/strong><\/p>\n<p>Gesti\u00f3n de la relaci\u00f3n con los candidatos a un empleo en la entidad<\/p>\n<p><strong>\u00bfDurante<\/strong> <strong>cu\u00e1nto<\/strong> <strong>tiempo<\/strong> <strong>trataremos<\/strong> <strong>sus<\/strong> <strong>datos?<\/strong><\/p>\n<p>Se conservar\u00e1n durante el tiempo necesario para cumplir con la finalidad para la que se recabaron y para determinar las posibles responsabilidades que se pudieran derivar de dicha finalidad y del tratamiento de los datos. Una vez pasado dicho tiempo ser\u00e1n cancelados \/ suprimidos de oficio.<\/p>\n<p><strong>\u00bfPor<\/strong> <strong>qu\u00e9<\/strong> <strong>tratamos<\/strong> <strong>tus<\/strong> <strong>datos?<\/strong><\/p>\n<p>Necesidad de ejecutar la relaci\u00f3n contractual que le une con nuestra entidad.<\/p>\n<p><strong>\u00bfA<\/strong> <strong>qu\u00e9<\/strong> <strong>personas<\/strong> <strong>se<\/strong> <strong>comunicar\u00e1n<\/strong> <strong>tus<\/strong> <strong>datos?<\/strong><\/p>\n<p>No se ceden datos a terceros, salvo obligaciones legales.<\/p>\n","protected":false},"excerpt":{"rendered":"<p>\u201cOur apologies for not having the translation ready yet. The texts are being translated and will be published here as soon as possible.\u201d INFORMACI\u00d3N ADICIONAL SOBRE NUESTRA POL\u00cdTICA DE PROTECCI\u00d3N DE DATOS Cuestiones comunes para todas las actividades de tratamiento: \u00bfQui\u00e9n se responsabiliza del tratamiento de tus datos? Responsable de los datos\u00a0LK FORMACION, S.L. N\u00famero de documento\u00a0B87802831 Direcci\u00f3n fiscal\u00a0Calle DIEGO DE LEON, 47, 2-I, CP 28006 Madrid Tel\u00e9fono\u00a0 \u00a0600571141 Correo electr\u00f3nico\u00a0\u00a0dlasheras@lkformacion.com \u00bfCu\u00e1les son tus derechos cuando nos facilitas tus datos?&hellip;<\/p>\n","protected":false},"author":1,"featured_media":0,"parent":0,"menu_order":0,"comment_status":"closed","ping_status":"closed","template":"","meta":[],"aioseo_notices":[],"_links":{"self":[{"href":"https:\/\/lkformacion.com\/en\/wp-json\/wp\/v2\/pages\/4009"}],"collection":[{"href":"https:\/\/lkformacion.com\/en\/wp-json\/wp\/v2\/pages"}],"about":[{"href":"https:\/\/lkformacion.com\/en\/wp-json\/wp\/v2\/types\/page"}],"author":[{"embeddable":true,"href":"https:\/\/lkformacion.com\/en\/wp-json\/wp\/v2\/users\/1"}],"replies":[{"embeddable":true,"href":"https:\/\/lkformacion.com\/en\/wp-json\/wp\/v2\/comments?post=4009"}],"version-history":[{"count":0,"href":"https:\/\/lkformacion.com\/en\/wp-json\/wp\/v2\/pages\/4009\/revisions"}],"wp:attachment":[{"href":"https:\/\/lkformacion.com\/en\/wp-json\/wp\/v2\/media?parent=4009"}],"curies":[{"name":"wp","href":"https:\/\/api.w.org\/{rel}","templated":true}]}}