{"id":4007,"date":"2020-05-14T09:48:21","date_gmt":"2020-05-14T09:48:21","guid":{"rendered":"http:\/\/lkformacion.com\/?page_id=4007"},"modified":"2020-05-14T09:48:21","modified_gmt":"2020-05-14T09:48:21","slug":"cookie-policy","status":"publish","type":"page","link":"https:\/\/lkformacion.com\/en\/cookie-policy\/","title":{"rendered":"Cookie policy"},"content":{"rendered":"<h3>\u201cOur apologies for not having the translation ready yet. The texts are being translated and will be published here as soon as possible.&#8221;<\/h3>\n<p>El sitio Web utiliza un analizador de tr\u00e1fico que emplea peque\u00f1os archivos de informaci\u00f3n denominados y conocidos como \u201ccookies\u201d que el servidor env\u00eda al ordenador de quien accede a la p\u00e1gina web para el correcto funcionamiento y visualizaci\u00f3n de los sitios web por parte del usuario, as\u00ed como la recogida de datos estad\u00edsticos sobre el uso y navegaci\u00f3n por nuestro sitio web.<\/p>\n<p>Podemos recabar informaci\u00f3n sobre su ordenador, incluido en su caso, su direcci\u00f3n de IP, sistema operativo y tipo de navegador. Las cookies contienen informaci\u00f3n que se transfiere al disco duro de su ordenador.<\/p>\n<p>Las cookies tambi\u00e9n nos ayudan a mejorar nuestro sitio Web y a prestar un servicio mejor y m\u00e1s personalizado. En concreto, nos permiten:<\/p>\n<ul>\n<li>Hacer una estimaci\u00f3n sobre n\u00fameros y patrones de uso.<\/li>\n<li>Almacenar informaci\u00f3n acerca de sus preferencias y personalizar nuestro sitio web de conformidad con sus intereses individuales.<\/li>\n<li>Acelerar sus b\u00fasquedas.<\/li>\n<li>Reconocerle cuando regrese de nuevo a nuestro sitio.<\/li>\n<\/ul>\n<h4>ACEPTACI\u00d3N Y\/O RECHAZO DE LA POL\u00cdTICA DE COOKIES<\/h4>\n<p>Este sitio web muestra informaci\u00f3n sobre su Pol\u00edtica de Cookies en la parte inferior o superior del portal en cada inicio de sesi\u00f3n con el objeto de que usted sea consciente e informado de ello.<\/p>\n<p>Puede usted aceptar la instalaci\u00f3n de las cookies en su navegador web mediante una acci\u00f3n afirmativa y positiva.<\/p>\n<p>Tambi\u00e9n puede usted rechazar el uso de cookies mediante la selecci\u00f3n de negarse a la instalaci\u00f3n y su uso en su navegador. Sin embargo, debe saber que si lo hace puede ser que no pueda usar la plena funcionalidad de este sitio Web.<\/p>\n<p>Este sitio web realiza tratamiento de informaci\u00f3n acerca de usted por Google. A estos efectos, se informa que Google Inc. tiene la consideraci\u00f3n de \u201cpuerto seguro\u201d en cuanto a la normativa de protecci\u00f3n de datos personales.<\/p>\n<p>El Usuario debe dar su previo consentimiento, salvo indicaci\u00f3n en contrario, al uso de \u201ccookies\u201d y autoriza tambi\u00e9n los seguimientos de su IP durante la navegaci\u00f3n en el sitio Web.<\/p>\n<p>A menos que haya ajustado la configuraci\u00f3n de su navegador web de forma que rechace cookies, nuestro sistema producir\u00e1 cookies cuando se conecte a nuestro sitio.<\/p>\n<p>Siguiendo las directrices europeas de la normativa de protecci\u00f3n de datos que puedan verse afectados por el uso de cookies, los distintos navegadores de Internet cuentan con herramientas de configuraci\u00f3n para que el Usuario, si lo desea, pueda desactivar y\/o eliminar estas cookies o bien activar en su navegador el modo de navegaci\u00f3n privada.<\/p>\n<p>Puede usted permitir, bloquear o eliminar las cookies instaladas en su equipo mediante la configuraci\u00f3n de las opciones del navegador instalado en su ordenador:<\/p>\n<p>Chrome: https:\/\/support.google.com\/chrome\/answer\/95647?hl=es<\/p>\n<p>Explorer: http:\/\/windows.microsoft.com\/es-es\/windows7\/how-to-manage-cookies-in-internet- explorer-9<\/p>\n<p>Firefox: https:\/\/support.mozilla.org\/es\/kb\/habilitar-y-deshabilitar-cookies-que-los-sitios-web<\/p>\n<p>Safari: https:\/\/support.apple.com\/kb\/ph5042?locale=es_ES<\/p>\n<h4>\u00bfQU\u00c9 COOKIES UTILIZAMOS Y PARA QU\u00c9?<\/h4>\n<p>A continuaci\u00f3n, se presenta una explicaci\u00f3n m\u00e1s detallada de cada tipo de cookie, temporalidad, titularidad, finalidad y dominios:<\/p>\n<p>Google Analytics es un servicio anal\u00edtico de web prestado por Google, Inc., una compa\u00f1\u00eda de Delaware cuya oficina principal est\u00e1 en 1600 Amphitheatre Parkway, Mountain View (California), CA 94043, Estados Unidos (\u201cGoogle\u201d):<\/p>\n<p>Google Analytics usa las siguientes cookies:<\/p>\n<p>_ga, _gat, _gid, y otras posibles cookies a cargar por el servicio de monitorizaci\u00f3n de visitas de Google.<\/p>\n<p>Sirven para:<\/p>\n<ul>\n<li>Generar un identificador de usuario \u00fanico, que es el que se utiliza para hacer recuento de cu\u00e1ntas veces visita el sitio un usuario, as\u00ed como la fecha de la primera y la \u00faltima vez que visit\u00f3 la web.<\/li>\n<li>Registrar la fecha y hora de acceso a cualquiera de las p\u00e1ginas del Sitio.<\/li>\n<li>Comprobar la necesidad de mantener la sesi\u00f3n de un usuario abierta o crear una nueva.<\/li>\n<li>Identificar la sesi\u00f3n del usuario, para recoger la ubicaci\u00f3n geogr\u00e1fica aproximada del ordenador que accede al Sitio con efectos estad\u00edsticos.<\/li>\n<\/ul>\n<p>Pueden ser tanto temporales como persistentes.<\/p>\n","protected":false},"excerpt":{"rendered":"<p>\u201cOur apologies for not having the translation ready yet. The texts are being translated and will be published here as soon as possible.&#8221; El sitio Web utiliza un analizador de tr\u00e1fico que emplea peque\u00f1os archivos de informaci\u00f3n denominados y conocidos como \u201ccookies\u201d que el servidor env\u00eda al ordenador de quien accede a la p\u00e1gina web para el correcto funcionamiento y visualizaci\u00f3n de los sitios web por parte del usuario, as\u00ed como la recogida de datos estad\u00edsticos sobre el uso y&hellip;<\/p>\n","protected":false},"author":1,"featured_media":0,"parent":0,"menu_order":0,"comment_status":"closed","ping_status":"closed","template":"","meta":[],"aioseo_notices":[],"_links":{"self":[{"href":"https:\/\/lkformacion.com\/en\/wp-json\/wp\/v2\/pages\/4007"}],"collection":[{"href":"https:\/\/lkformacion.com\/en\/wp-json\/wp\/v2\/pages"}],"about":[{"href":"https:\/\/lkformacion.com\/en\/wp-json\/wp\/v2\/types\/page"}],"author":[{"embeddable":true,"href":"https:\/\/lkformacion.com\/en\/wp-json\/wp\/v2\/users\/1"}],"replies":[{"embeddable":true,"href":"https:\/\/lkformacion.com\/en\/wp-json\/wp\/v2\/comments?post=4007"}],"version-history":[{"count":0,"href":"https:\/\/lkformacion.com\/en\/wp-json\/wp\/v2\/pages\/4007\/revisions"}],"wp:attachment":[{"href":"https:\/\/lkformacion.com\/en\/wp-json\/wp\/v2\/media?parent=4007"}],"curies":[{"name":"wp","href":"https:\/\/api.w.org\/{rel}","templated":true}]}}